{"id":8372,"date":"2025-07-22T15:47:04","date_gmt":"2025-07-22T15:47:04","guid":{"rendered":"https:\/\/www.bednarekacademy.pl\/product\/shadow-day-mit-dr-bednarek\/"},"modified":"2025-08-18T11:02:39","modified_gmt":"2025-08-18T11:02:39","slug":"shadow-day-mit-dr-bednarek","status":"publish","type":"product","link":"https:\/\/www.bednarekacademy.pl\/de\/product\/shadow-day-mit-dr-bednarek\/","title":{"rendered":"SHADOW DAY mit Dr. Bednarek"},"content":{"rendered":"<p>Schulungsart: Einzelunterricht<\/p>\n<p>Rahmenprogramm der Schulung: theoretische Schulung, bei der der Arzt Teil der t\u00e4glichen Arbeit von Dr. Bednarek ist, wobei er die Kommunikation mit dem Patienten, die Gespr\u00e4chsf\u00fchrung, die Auswahl der Behandlungen, die angewandten Behandlungstechniken beobachtet; am Ende des Tages f\u00fchrt der Arzt eine selbst gew\u00e4hlte Behandlung durch \u2013 Lippenmodellierung oder Botulinumtoxin Full Face.<\/p>\n<p>Schulungsziele: Die Schulung zielt darauf ab, das Wissen zu ausgew\u00e4hlten Themen zu systematisieren, die Beobachtung und Geheimnisse der t\u00e4glichen Arbeit von Dr. Bednarek, Gespr\u00e4chsf\u00fchrung und Kommunikation, die Beobachtung und das Erlernen propriet\u00e4rer Behandlungstechniken, wodurch der Arzt ein deutlich h\u00f6heres Niveau in der Arbeit mit seinen Patienten erreichen kann.<\/p>\n","protected":false},"excerpt":{"rendered":"<p><strong>Die Trainingspreise und die M\u00f6glichkeit zum Kauf sind nach dem Einloggen in das Konto sichtbar<\/strong><\/p>\n<p><strong>Trainingsmodus:<\/strong> individuell<\/p>\n<p>Individuelle Trainingstermine werden nach dem Kauf direkt mit dem Trainingsteilnehmer unter der Telefonnummer <strong>+48 530 430 395<\/strong> oder per E-Mail an <strong>annabednarekmed@gmail.com<\/strong> vereinbart <strong>.<\/strong><\/p>\n<p><strong>Dauer des Trainings:<\/strong> 8-9 Stunden<\/p>\n","protected":false},"featured_media":8244,"template":"","meta":[],"product_brand":[],"product_cat":[290],"product_tag":[],"class_list":{"0":"post-8372","1":"product","2":"type-product","3":"status-publish","4":"has-post-thumbnail","6":"product_cat-schulungen","8":"first","9":"instock","10":"virtual","11":"taxable","12":"purchasable","13":"product-type-simple"},"yoast_head":"<!-- This site is optimized with the Yoast SEO plugin v19.9 - https:\/\/yoast.com\/wordpress\/plugins\/seo\/ -->\n<title>SHADOW DAY mit Dr. Bednarek - Bednarek Academy<\/title>\n<meta name=\"robots\" content=\"index, follow, max-snippet:-1, max-image-preview:large, max-video-preview:-1\" \/>\n<link rel=\"canonical\" href=\"https:\/\/www.bednarekacademy.pl\/de\/product\/shadow-day-mit-dr-bednarek\/\" \/>\n<meta property=\"og:locale\" content=\"de_DE\" \/>\n<meta property=\"og:type\" content=\"article\" \/>\n<meta property=\"og:title\" content=\"SHADOW DAY mit Dr. Bednarek - Bednarek Academy\" \/>\n<meta property=\"og:description\" content=\"Die Trainingspreise und die M\u00f6glichkeit zum Kauf sind nach dem Einloggen in das Konto sichtbar Trainingsmodus: individuell Individuelle Trainingstermine werden nach dem Kauf direkt mit dem Trainingsteilnehmer unter der Telefonnummer +48 530 430 395 oder per E-Mail an annabednarekmed@gmail.com vereinbart . Dauer des Trainings: 8-9 Stunden\" \/>\n<meta property=\"og:url\" content=\"https:\/\/www.bednarekacademy.pl\/de\/product\/shadow-day-mit-dr-bednarek\/\" \/>\n<meta property=\"og:site_name\" content=\"Bednarek Academy\" \/>\n<meta property=\"article:publisher\" content=\"https:\/\/www.facebook.com\/nikolamaluje\" \/>\n<meta property=\"article:modified_time\" content=\"2025-08-18T11:02:39+00:00\" \/>\n<meta property=\"og:image\" content=\"https:\/\/www.bednarekacademy.pl\/wp-content\/uploads\/2025\/07\/shadowday.webp\" \/>\n\t<meta property=\"og:image:width\" content=\"1500\" \/>\n\t<meta property=\"og:image:height\" content=\"1000\" \/>\n\t<meta property=\"og:image:type\" content=\"image\/webp\" \/>\n<meta name=\"twitter:card\" content=\"summary_large_image\" \/>\n<meta name=\"twitter:label1\" content=\"Gesch\u00e4tzte Lesezeit\" \/>\n\t<meta name=\"twitter:data1\" content=\"1\u00a0Minute\" \/>\n<script type=\"application\/ld+json\" class=\"yoast-schema-graph\">{\"@context\":\"https:\/\/schema.org\",\"@graph\":[{\"@type\":\"WebPage\",\"@id\":\"https:\/\/www.bednarekacademy.pl\/de\/product\/shadow-day-mit-dr-bednarek\/\",\"url\":\"https:\/\/www.bednarekacademy.pl\/de\/product\/shadow-day-mit-dr-bednarek\/\",\"name\":\"SHADOW DAY mit Dr. Bednarek - Bednarek Academy\",\"isPartOf\":{\"@id\":\"https:\/\/www.bednarekacademy.pl\/#website\"},\"datePublished\":\"2025-07-22T15:47:04+00:00\",\"dateModified\":\"2025-08-18T11:02:39+00:00\",\"breadcrumb\":{\"@id\":\"https:\/\/www.bednarekacademy.pl\/de\/product\/shadow-day-mit-dr-bednarek\/#breadcrumb\"},\"inLanguage\":\"de\",\"potentialAction\":[{\"@type\":\"ReadAction\",\"target\":[\"https:\/\/www.bednarekacademy.pl\/de\/product\/shadow-day-mit-dr-bednarek\/\"]}]},{\"@type\":\"BreadcrumbList\",\"@id\":\"https:\/\/www.bednarekacademy.pl\/de\/product\/shadow-day-mit-dr-bednarek\/#breadcrumb\",\"itemListElement\":[{\"@type\":\"ListItem\",\"position\":1,\"name\":\"Strona g\u0142\u00f3wna\",\"item\":\"https:\/\/www.bednarekacademy.pl\/de\/homepage\/\"},{\"@type\":\"ListItem\",\"position\":2,\"name\":\"Shop\",\"item\":\"https:\/\/www.bednarekacademy.pl\/de\/shop\/\"},{\"@type\":\"ListItem\",\"position\":3,\"name\":\"SHADOW DAY mit Dr. Bednarek\"}]},{\"@type\":\"WebSite\",\"@id\":\"https:\/\/www.bednarekacademy.pl\/#website\",\"url\":\"https:\/\/www.bednarekacademy.pl\/\",\"name\":\"Bednarek Academy\",\"description\":\"Szkolenia medycyny estetycznej Szczecin\",\"publisher\":{\"@id\":\"https:\/\/www.bednarekacademy.pl\/#organization\"},\"potentialAction\":[{\"@type\":\"SearchAction\",\"target\":{\"@type\":\"EntryPoint\",\"urlTemplate\":\"https:\/\/www.bednarekacademy.pl\/?s={search_term_string}\"},\"query-input\":\"required name=search_term_string\"}],\"inLanguage\":\"de\"},{\"@type\":\"Organization\",\"@id\":\"https:\/\/www.bednarekacademy.pl\/#organization\",\"name\":\"modovo.eu\",\"url\":\"https:\/\/www.bednarekacademy.pl\/\",\"logo\":{\"@type\":\"ImageObject\",\"inLanguage\":\"de\",\"@id\":\"https:\/\/www.bednarekacademy.pl\/#\/schema\/logo\/image\/\",\"url\":\"\",\"contentUrl\":\"\",\"caption\":\"modovo.eu\"},\"image\":{\"@id\":\"https:\/\/www.bednarekacademy.pl\/#\/schema\/logo\/image\/\"},\"sameAs\":[\"https:\/\/www.facebook.com\/nikolamaluje\"]}]}<\/script>\n<!-- \/ Yoast SEO plugin. -->","yoast_head_json":{"title":"SHADOW DAY mit Dr. Bednarek - Bednarek Academy","robots":{"index":"index","follow":"follow","max-snippet":"max-snippet:-1","max-image-preview":"max-image-preview:large","max-video-preview":"max-video-preview:-1"},"canonical":"https:\/\/www.bednarekacademy.pl\/de\/product\/shadow-day-mit-dr-bednarek\/","og_locale":"de_DE","og_type":"article","og_title":"SHADOW DAY mit Dr. Bednarek - Bednarek Academy","og_description":"Die Trainingspreise und die M\u00f6glichkeit zum Kauf sind nach dem Einloggen in das Konto sichtbar Trainingsmodus: individuell Individuelle Trainingstermine werden nach dem Kauf direkt mit dem Trainingsteilnehmer unter der Telefonnummer +48 530 430 395 oder per E-Mail an annabednarekmed@gmail.com vereinbart . Dauer des Trainings: 8-9 Stunden","og_url":"https:\/\/www.bednarekacademy.pl\/de\/product\/shadow-day-mit-dr-bednarek\/","og_site_name":"Bednarek Academy","article_publisher":"https:\/\/www.facebook.com\/nikolamaluje","article_modified_time":"2025-08-18T11:02:39+00:00","og_image":[{"width":1500,"height":1000,"url":"https:\/\/www.bednarekacademy.pl\/wp-content\/uploads\/2025\/07\/shadowday.webp","type":"image\/webp"}],"twitter_card":"summary_large_image","twitter_misc":{"Gesch\u00e4tzte Lesezeit":"1\u00a0Minute"},"schema":{"@context":"https:\/\/schema.org","@graph":[{"@type":"WebPage","@id":"https:\/\/www.bednarekacademy.pl\/de\/product\/shadow-day-mit-dr-bednarek\/","url":"https:\/\/www.bednarekacademy.pl\/de\/product\/shadow-day-mit-dr-bednarek\/","name":"SHADOW DAY mit Dr. Bednarek - Bednarek Academy","isPartOf":{"@id":"https:\/\/www.bednarekacademy.pl\/#website"},"datePublished":"2025-07-22T15:47:04+00:00","dateModified":"2025-08-18T11:02:39+00:00","breadcrumb":{"@id":"https:\/\/www.bednarekacademy.pl\/de\/product\/shadow-day-mit-dr-bednarek\/#breadcrumb"},"inLanguage":"de","potentialAction":[{"@type":"ReadAction","target":["https:\/\/www.bednarekacademy.pl\/de\/product\/shadow-day-mit-dr-bednarek\/"]}]},{"@type":"BreadcrumbList","@id":"https:\/\/www.bednarekacademy.pl\/de\/product\/shadow-day-mit-dr-bednarek\/#breadcrumb","itemListElement":[{"@type":"ListItem","position":1,"name":"Strona g\u0142\u00f3wna","item":"https:\/\/www.bednarekacademy.pl\/de\/homepage\/"},{"@type":"ListItem","position":2,"name":"Shop","item":"https:\/\/www.bednarekacademy.pl\/de\/shop\/"},{"@type":"ListItem","position":3,"name":"SHADOW DAY mit Dr. Bednarek"}]},{"@type":"WebSite","@id":"https:\/\/www.bednarekacademy.pl\/#website","url":"https:\/\/www.bednarekacademy.pl\/","name":"Bednarek Academy","description":"Szkolenia medycyny estetycznej Szczecin","publisher":{"@id":"https:\/\/www.bednarekacademy.pl\/#organization"},"potentialAction":[{"@type":"SearchAction","target":{"@type":"EntryPoint","urlTemplate":"https:\/\/www.bednarekacademy.pl\/?s={search_term_string}"},"query-input":"required name=search_term_string"}],"inLanguage":"de"},{"@type":"Organization","@id":"https:\/\/www.bednarekacademy.pl\/#organization","name":"modovo.eu","url":"https:\/\/www.bednarekacademy.pl\/","logo":{"@type":"ImageObject","inLanguage":"de","@id":"https:\/\/www.bednarekacademy.pl\/#\/schema\/logo\/image\/","url":"","contentUrl":"","caption":"modovo.eu"},"image":{"@id":"https:\/\/www.bednarekacademy.pl\/#\/schema\/logo\/image\/"},"sameAs":["https:\/\/www.facebook.com\/nikolamaluje"]}]}},"_links":{"self":[{"href":"https:\/\/www.bednarekacademy.pl\/de\/wp-json\/wp\/v2\/product\/8372","targetHints":{"allow":["GET"]}}],"collection":[{"href":"https:\/\/www.bednarekacademy.pl\/de\/wp-json\/wp\/v2\/product"}],"about":[{"href":"https:\/\/www.bednarekacademy.pl\/de\/wp-json\/wp\/v2\/types\/product"}],"wp:featuredmedia":[{"embeddable":true,"href":"https:\/\/www.bednarekacademy.pl\/de\/wp-json\/wp\/v2\/media\/8244"}],"wp:attachment":[{"href":"https:\/\/www.bednarekacademy.pl\/de\/wp-json\/wp\/v2\/media?parent=8372"}],"wp:term":[{"taxonomy":"product_brand","embeddable":true,"href":"https:\/\/www.bednarekacademy.pl\/de\/wp-json\/wp\/v2\/product_brand?post=8372"},{"taxonomy":"product_cat","embeddable":true,"href":"https:\/\/www.bednarekacademy.pl\/de\/wp-json\/wp\/v2\/product_cat?post=8372"},{"taxonomy":"product_tag","embeddable":true,"href":"https:\/\/www.bednarekacademy.pl\/de\/wp-json\/wp\/v2\/product_tag?post=8372"}],"curies":[{"name":"wp","href":"https:\/\/api.w.org\/{rel}","templated":true}]}}