{"id":8367,"date":"2025-07-22T15:08:25","date_gmt":"2025-07-22T15:08:25","guid":{"rendered":"https:\/\/www.bednarekacademy.pl\/product\/gewebebiostimulatoren\/"},"modified":"2025-09-01T13:53:36","modified_gmt":"2025-09-01T13:53:36","slug":"gewebebiostimulatoren","status":"publish","type":"product","link":"https:\/\/www.bednarekacademy.pl\/de\/product\/gewebebiostimulatoren\/","title":{"rendered":"Gewebebiostimulatoren"},"content":{"rendered":"<p>Schulungsmodus: Gruppenkurs (2-3 \u00c4rzte) \/ Einzelkurs<\/p>\n<p>Anzahl der Patienten pro Arzt:<br \/>\n\u2013 6-8 Patientinnen w\u00e4hrend des Gruppentrainings pro Arzt<br \/>\n\u2013 12-16 Patientinnen w\u00e4hrend des Einzeltrainings<\/p>\n<p>Rahmenprogramm der Schulung: theoretischer Teil + Praxis. Arbeit mit Nadel und Kan\u00fcle nach verschiedenen Protokollen. Behandlungsbereiche sind Gesicht, Augenbereich, Hals. Besprochene Pr\u00e4parate: Profhilo, Karisma, Sunekos, Jalupro, Linerase, Tropokolagen, Neauvia Hydro Deluxe, Polymilchs\u00e4ure (Sculptra), Kalziumhydroxylapatit (Radiesse), Pr\u00e4parate auf Polynukleotidbasis.  <\/p>\n<p>Schulungsergebnisse: Nach der Schulung erwerben die \u00c4rzte umfassende F\u00e4higkeiten in Bezug auf die Qualifikation des Patienten f\u00fcr den Eingriff, die geeignete Auswahl des Pr\u00e4parats, die Anzahl der Behandlungen und die Verabreichungstechnik.<\/p>\n","protected":false},"excerpt":{"rendered":"<p><strong>Trainingspreise und die M\u00f6glichkeit zum Kauf sind nach dem Einloggen in das Konto<\/strong><\/p>\n<p><strong>sichtbar<\/strong>. Individuelle Trainingstermine werden direkt mit dem Trainee nach dem Kauf unter der Telefonnummer <strong>+48 530 430 395<\/strong> oder per E-Mail <strong>annabednarekmed@gmail.com<\/strong> vereinbart <strong>.<\/strong><\/p>\n<p><strong>Dauer des Trainings:<\/strong> 6-7 Stunden<\/p>\n","protected":false},"featured_media":8246,"template":"","meta":[],"product_brand":[],"product_cat":[290],"product_tag":[],"class_list":{"0":"post-8367","1":"product","2":"type-product","3":"status-publish","4":"has-post-thumbnail","6":"product_cat-schulungen","8":"first","9":"instock","10":"taxable","11":"shipping-taxable","12":"purchasable","13":"product-type-simple"},"yoast_head":"<!-- This site is optimized with the Yoast SEO plugin v19.9 - https:\/\/yoast.com\/wordpress\/plugins\/seo\/ -->\n<title>Gewebebiostimulatoren - Bednarek Academy<\/title>\n<meta name=\"robots\" content=\"index, follow, max-snippet:-1, max-image-preview:large, max-video-preview:-1\" \/>\n<link rel=\"canonical\" href=\"https:\/\/www.bednarekacademy.pl\/de\/product\/gewebebiostimulatoren\/\" \/>\n<meta property=\"og:locale\" content=\"de_DE\" \/>\n<meta property=\"og:type\" content=\"article\" \/>\n<meta property=\"og:title\" content=\"Gewebebiostimulatoren - Bednarek Academy\" \/>\n<meta property=\"og:description\" content=\"Trainingspreise und die M\u00f6glichkeit zum Kauf sind nach dem Einloggen in das Konto sichtbar. Individuelle Trainingstermine werden direkt mit dem Trainee nach dem Kauf unter der Telefonnummer +48 530 430 395 oder per E-Mail annabednarekmed@gmail.com vereinbart . Dauer des Trainings: 6-7 Stunden\" \/>\n<meta property=\"og:url\" content=\"https:\/\/www.bednarekacademy.pl\/de\/product\/gewebebiostimulatoren\/\" \/>\n<meta property=\"og:site_name\" content=\"Bednarek Academy\" \/>\n<meta property=\"article:publisher\" content=\"https:\/\/www.facebook.com\/nikolamaluje\" \/>\n<meta property=\"article:modified_time\" content=\"2025-09-01T13:53:36+00:00\" \/>\n<meta property=\"og:image\" content=\"https:\/\/www.bednarekacademy.pl\/wp-content\/uploads\/2025\/07\/stymulatory.webp\" \/>\n\t<meta property=\"og:image:width\" content=\"1500\" \/>\n\t<meta property=\"og:image:height\" content=\"1000\" \/>\n\t<meta property=\"og:image:type\" content=\"image\/webp\" \/>\n<meta name=\"twitter:card\" content=\"summary_large_image\" \/>\n<meta name=\"twitter:label1\" content=\"Gesch\u00e4tzte Lesezeit\" \/>\n\t<meta name=\"twitter:data1\" content=\"1\u00a0Minute\" \/>\n<script type=\"application\/ld+json\" class=\"yoast-schema-graph\">{\"@context\":\"https:\/\/schema.org\",\"@graph\":[{\"@type\":\"WebPage\",\"@id\":\"https:\/\/www.bednarekacademy.pl\/de\/product\/gewebebiostimulatoren\/\",\"url\":\"https:\/\/www.bednarekacademy.pl\/de\/product\/gewebebiostimulatoren\/\",\"name\":\"Gewebebiostimulatoren - Bednarek Academy\",\"isPartOf\":{\"@id\":\"https:\/\/www.bednarekacademy.pl\/#website\"},\"datePublished\":\"2025-07-22T15:08:25+00:00\",\"dateModified\":\"2025-09-01T13:53:36+00:00\",\"breadcrumb\":{\"@id\":\"https:\/\/www.bednarekacademy.pl\/de\/product\/gewebebiostimulatoren\/#breadcrumb\"},\"inLanguage\":\"de\",\"potentialAction\":[{\"@type\":\"ReadAction\",\"target\":[\"https:\/\/www.bednarekacademy.pl\/de\/product\/gewebebiostimulatoren\/\"]}]},{\"@type\":\"BreadcrumbList\",\"@id\":\"https:\/\/www.bednarekacademy.pl\/de\/product\/gewebebiostimulatoren\/#breadcrumb\",\"itemListElement\":[{\"@type\":\"ListItem\",\"position\":1,\"name\":\"Strona g\u0142\u00f3wna\",\"item\":\"https:\/\/www.bednarekacademy.pl\/de\/homepage\/\"},{\"@type\":\"ListItem\",\"position\":2,\"name\":\"Shop\",\"item\":\"https:\/\/www.bednarekacademy.pl\/de\/shop\/\"},{\"@type\":\"ListItem\",\"position\":3,\"name\":\"Gewebebiostimulatoren\"}]},{\"@type\":\"WebSite\",\"@id\":\"https:\/\/www.bednarekacademy.pl\/#website\",\"url\":\"https:\/\/www.bednarekacademy.pl\/\",\"name\":\"Bednarek Academy\",\"description\":\"Szkolenia medycyny estetycznej Szczecin\",\"publisher\":{\"@id\":\"https:\/\/www.bednarekacademy.pl\/#organization\"},\"potentialAction\":[{\"@type\":\"SearchAction\",\"target\":{\"@type\":\"EntryPoint\",\"urlTemplate\":\"https:\/\/www.bednarekacademy.pl\/?s={search_term_string}\"},\"query-input\":\"required name=search_term_string\"}],\"inLanguage\":\"de\"},{\"@type\":\"Organization\",\"@id\":\"https:\/\/www.bednarekacademy.pl\/#organization\",\"name\":\"modovo.eu\",\"url\":\"https:\/\/www.bednarekacademy.pl\/\",\"logo\":{\"@type\":\"ImageObject\",\"inLanguage\":\"de\",\"@id\":\"https:\/\/www.bednarekacademy.pl\/#\/schema\/logo\/image\/\",\"url\":\"\",\"contentUrl\":\"\",\"caption\":\"modovo.eu\"},\"image\":{\"@id\":\"https:\/\/www.bednarekacademy.pl\/#\/schema\/logo\/image\/\"},\"sameAs\":[\"https:\/\/www.facebook.com\/nikolamaluje\"]}]}<\/script>\n<!-- \/ Yoast SEO plugin. -->","yoast_head_json":{"title":"Gewebebiostimulatoren - Bednarek Academy","robots":{"index":"index","follow":"follow","max-snippet":"max-snippet:-1","max-image-preview":"max-image-preview:large","max-video-preview":"max-video-preview:-1"},"canonical":"https:\/\/www.bednarekacademy.pl\/de\/product\/gewebebiostimulatoren\/","og_locale":"de_DE","og_type":"article","og_title":"Gewebebiostimulatoren - Bednarek Academy","og_description":"Trainingspreise und die M\u00f6glichkeit zum Kauf sind nach dem Einloggen in das Konto sichtbar. Individuelle Trainingstermine werden direkt mit dem Trainee nach dem Kauf unter der Telefonnummer +48 530 430 395 oder per E-Mail annabednarekmed@gmail.com vereinbart . Dauer des Trainings: 6-7 Stunden","og_url":"https:\/\/www.bednarekacademy.pl\/de\/product\/gewebebiostimulatoren\/","og_site_name":"Bednarek Academy","article_publisher":"https:\/\/www.facebook.com\/nikolamaluje","article_modified_time":"2025-09-01T13:53:36+00:00","og_image":[{"width":1500,"height":1000,"url":"https:\/\/www.bednarekacademy.pl\/wp-content\/uploads\/2025\/07\/stymulatory.webp","type":"image\/webp"}],"twitter_card":"summary_large_image","twitter_misc":{"Gesch\u00e4tzte Lesezeit":"1\u00a0Minute"},"schema":{"@context":"https:\/\/schema.org","@graph":[{"@type":"WebPage","@id":"https:\/\/www.bednarekacademy.pl\/de\/product\/gewebebiostimulatoren\/","url":"https:\/\/www.bednarekacademy.pl\/de\/product\/gewebebiostimulatoren\/","name":"Gewebebiostimulatoren - Bednarek Academy","isPartOf":{"@id":"https:\/\/www.bednarekacademy.pl\/#website"},"datePublished":"2025-07-22T15:08:25+00:00","dateModified":"2025-09-01T13:53:36+00:00","breadcrumb":{"@id":"https:\/\/www.bednarekacademy.pl\/de\/product\/gewebebiostimulatoren\/#breadcrumb"},"inLanguage":"de","potentialAction":[{"@type":"ReadAction","target":["https:\/\/www.bednarekacademy.pl\/de\/product\/gewebebiostimulatoren\/"]}]},{"@type":"BreadcrumbList","@id":"https:\/\/www.bednarekacademy.pl\/de\/product\/gewebebiostimulatoren\/#breadcrumb","itemListElement":[{"@type":"ListItem","position":1,"name":"Strona g\u0142\u00f3wna","item":"https:\/\/www.bednarekacademy.pl\/de\/homepage\/"},{"@type":"ListItem","position":2,"name":"Shop","item":"https:\/\/www.bednarekacademy.pl\/de\/shop\/"},{"@type":"ListItem","position":3,"name":"Gewebebiostimulatoren"}]},{"@type":"WebSite","@id":"https:\/\/www.bednarekacademy.pl\/#website","url":"https:\/\/www.bednarekacademy.pl\/","name":"Bednarek Academy","description":"Szkolenia medycyny estetycznej Szczecin","publisher":{"@id":"https:\/\/www.bednarekacademy.pl\/#organization"},"potentialAction":[{"@type":"SearchAction","target":{"@type":"EntryPoint","urlTemplate":"https:\/\/www.bednarekacademy.pl\/?s={search_term_string}"},"query-input":"required name=search_term_string"}],"inLanguage":"de"},{"@type":"Organization","@id":"https:\/\/www.bednarekacademy.pl\/#organization","name":"modovo.eu","url":"https:\/\/www.bednarekacademy.pl\/","logo":{"@type":"ImageObject","inLanguage":"de","@id":"https:\/\/www.bednarekacademy.pl\/#\/schema\/logo\/image\/","url":"","contentUrl":"","caption":"modovo.eu"},"image":{"@id":"https:\/\/www.bednarekacademy.pl\/#\/schema\/logo\/image\/"},"sameAs":["https:\/\/www.facebook.com\/nikolamaluje"]}]}},"_links":{"self":[{"href":"https:\/\/www.bednarekacademy.pl\/de\/wp-json\/wp\/v2\/product\/8367","targetHints":{"allow":["GET"]}}],"collection":[{"href":"https:\/\/www.bednarekacademy.pl\/de\/wp-json\/wp\/v2\/product"}],"about":[{"href":"https:\/\/www.bednarekacademy.pl\/de\/wp-json\/wp\/v2\/types\/product"}],"wp:featuredmedia":[{"embeddable":true,"href":"https:\/\/www.bednarekacademy.pl\/de\/wp-json\/wp\/v2\/media\/8246"}],"wp:attachment":[{"href":"https:\/\/www.bednarekacademy.pl\/de\/wp-json\/wp\/v2\/media?parent=8367"}],"wp:term":[{"taxonomy":"product_brand","embeddable":true,"href":"https:\/\/www.bednarekacademy.pl\/de\/wp-json\/wp\/v2\/product_brand?post=8367"},{"taxonomy":"product_cat","embeddable":true,"href":"https:\/\/www.bednarekacademy.pl\/de\/wp-json\/wp\/v2\/product_cat?post=8367"},{"taxonomy":"product_tag","embeddable":true,"href":"https:\/\/www.bednarekacademy.pl\/de\/wp-json\/wp\/v2\/product_tag?post=8367"}],"curies":[{"name":"wp","href":"https:\/\/api.w.org\/{rel}","templated":true}]}}