{"id":8334,"date":"2025-07-22T14:29:20","date_gmt":"2025-07-22T14:29:20","guid":{"rendered":"https:\/\/www.bednarekacademy.pl\/product\/lippenmodellierung-basic-komplikationen-und-hyaluronidase\/"},"modified":"2025-09-01T13:53:46","modified_gmt":"2025-09-01T13:53:46","slug":"lippenmodellierung-basic-komplikationen-und-hyaluronidase","status":"publish","type":"product","link":"https:\/\/www.bednarekacademy.pl\/de\/product\/lippenmodellierung-basic-komplikationen-und-hyaluronidase\/","title":{"rendered":"Lippenmodellierung Basic + Komplikationen und Hyaluronidase"},"content":{"rendered":"<p>Dies ist ein Grund-\/Mittelstufentraining f\u00fcr \u00c4rzte, die noch keine Erfahrung in der Lippenmodellierung haben oder sich bei der Korrektur des Lippenrotbereichs unsicher f\u00fchlen.<br \/>\nDas Training besteht aus einem theoretischen und einem praktischen Teil, in dem die \u00c4rzte verschiedene Techniken anwenden, darunter die #lipsbydrbednarek-Technik. W\u00e4hrend der Schulungen vermittelt Dr. Bednarek-Mulawa den \u00c4rzten einen ganzheitlichen Blick auf den anspruchsvollen Lippenbereich, erkl\u00e4rt die Begr\u00fcndung f\u00fcr jede Technik und Methode, die individuell an die Form, die anatomischen M\u00f6glichkeiten und die Erwartungen des Patienten angepasst wird. Die Schulungstechniken sind sicher, minimieren das Risiko von Komplikationen und garantieren sch\u00f6ne, \u00e4sthetische Behandlungsergebnisse.  <\/p>\n<p>Die Schulung beinhaltet ein Panel zu Komplikationen und Hyaluronidase als integraler Bestandteil der Arbeit mit Fillern.<\/p>\n<p>Schulungsmodus: Gruppenkurs (2-3 \u00c4rzte) \/ Einzelkurs<\/p>\n<p>Anzahl der Patienten pro Arzt:<br \/>\n\u2013 3 Patientinnen f\u00fcr Lippenmodellierung w\u00e4hrend des Gruppentrainings<br \/>\n\u2013 5 Patientinnen f\u00fcr Lippenmodellierung w\u00e4hrend des Einzeltrainings<br \/>\n\u2013 zus\u00e4tzlich werden w\u00e4hrend jeder Schulung 1-2 Patientinnen f\u00fcr eine Hyaluronidase-Behandlung vereinbart.<\/p>\n<p>Rahmenprogramm der Schulung: theoretischer Teil + Praxis der grundlegenden Lippenmodellierungstechniken, Techniken: klassische F\u00e4chertechnik, klassische lineare Technik, Schnapp-\/Mikrodepot-Technik, Pariser Technik, Modellierung der Nasolabialfalte, eigene Technik #lipsbydrbednarek, Aufl\u00f6sung der Lippen mit Hyaluronidase<\/p>\n<p>Schulungsergebnisse: Nach der Grundschulung erwerben die \u00c4rzte F\u00e4higkeiten, die eine selbstst\u00e4ndige, sichere Arbeit mit dem Lippenrot erm\u00f6glichen. Die Arbeitsergebnisse sind bereits nach der ersten Schulung \u00e4sthetisch. Der Arzt ist in der Lage, Komplikationen zu erkennen und Hyaluronidase anzuwenden.  <\/p>\n","protected":false},"excerpt":{"rendered":"<p><strong>Trainingspreise und die M\u00f6glichkeit zum Kauf sind nach dem Einloggen in das Konto<\/strong><\/p>\n<p><strong>sichtbar<\/strong> <strong>.<\/strong> Individuelle Trainingstermine werden direkt mit dem Trainee nach dem Kauf unter der Telefonnummer <strong>+48 530 430 395<\/strong> oder per E-Mail <strong>annabednarekmed@gmail.com<\/strong> vereinbart <strong>.<\/strong><\/p>\n<p><strong>Dauer des Trainings:<\/strong> 6-8 Stunden<\/p>\n","protected":false},"featured_media":8250,"template":"","meta":[],"product_brand":[],"product_cat":[290],"product_tag":[],"class_list":{"0":"post-8334","1":"product","2":"type-product","3":"status-publish","4":"has-post-thumbnail","6":"product_cat-schulungen","8":"first","9":"instock","10":"taxable","11":"shipping-taxable","12":"purchasable","13":"product-type-variable","14":"has-default-attributes"},"yoast_head":"<!-- This site is optimized with the Yoast SEO plugin v19.9 - https:\/\/yoast.com\/wordpress\/plugins\/seo\/ -->\n<title>Lippenmodellierung Basic + Komplikationen und Hyaluronidase - Bednarek Academy<\/title>\n<meta name=\"robots\" content=\"index, follow, max-snippet:-1, max-image-preview:large, max-video-preview:-1\" \/>\n<link rel=\"canonical\" href=\"https:\/\/www.bednarekacademy.pl\/de\/product\/lippenmodellierung-basic-komplikationen-und-hyaluronidase\/\" \/>\n<meta property=\"og:locale\" content=\"de_DE\" \/>\n<meta property=\"og:type\" content=\"article\" \/>\n<meta property=\"og:title\" content=\"Lippenmodellierung Basic + Komplikationen und Hyaluronidase - Bednarek Academy\" \/>\n<meta property=\"og:description\" content=\"Trainingspreise und die M\u00f6glichkeit zum Kauf sind nach dem Einloggen in das Konto sichtbar . Individuelle Trainingstermine werden direkt mit dem Trainee nach dem Kauf unter der Telefonnummer +48 530 430 395 oder per E-Mail annabednarekmed@gmail.com vereinbart . Dauer des Trainings: 6-8 Stunden\" \/>\n<meta property=\"og:url\" content=\"https:\/\/www.bednarekacademy.pl\/de\/product\/lippenmodellierung-basic-komplikationen-und-hyaluronidase\/\" \/>\n<meta property=\"og:site_name\" content=\"Bednarek Academy\" \/>\n<meta property=\"article:publisher\" content=\"https:\/\/www.facebook.com\/nikolamaluje\" \/>\n<meta property=\"article:modified_time\" content=\"2025-09-01T13:53:46+00:00\" \/>\n<meta property=\"og:image\" content=\"https:\/\/www.bednarekacademy.pl\/wp-content\/uploads\/2025\/07\/usta1.webp\" \/>\n\t<meta property=\"og:image:width\" content=\"1500\" \/>\n\t<meta property=\"og:image:height\" content=\"1000\" \/>\n\t<meta property=\"og:image:type\" content=\"image\/webp\" \/>\n<meta name=\"twitter:card\" content=\"summary_large_image\" \/>\n<meta name=\"twitter:label1\" content=\"Gesch\u00e4tzte Lesezeit\" \/>\n\t<meta name=\"twitter:data1\" content=\"1\u00a0Minute\" \/>\n<script type=\"application\/ld+json\" class=\"yoast-schema-graph\">{\"@context\":\"https:\/\/schema.org\",\"@graph\":[{\"@type\":\"WebPage\",\"@id\":\"https:\/\/www.bednarekacademy.pl\/de\/product\/lippenmodellierung-basic-komplikationen-und-hyaluronidase\/\",\"url\":\"https:\/\/www.bednarekacademy.pl\/de\/product\/lippenmodellierung-basic-komplikationen-und-hyaluronidase\/\",\"name\":\"Lippenmodellierung Basic + Komplikationen und Hyaluronidase - Bednarek Academy\",\"isPartOf\":{\"@id\":\"https:\/\/www.bednarekacademy.pl\/#website\"},\"datePublished\":\"2025-07-22T14:29:20+00:00\",\"dateModified\":\"2025-09-01T13:53:46+00:00\",\"breadcrumb\":{\"@id\":\"https:\/\/www.bednarekacademy.pl\/de\/product\/lippenmodellierung-basic-komplikationen-und-hyaluronidase\/#breadcrumb\"},\"inLanguage\":\"de\",\"potentialAction\":[{\"@type\":\"ReadAction\",\"target\":[\"https:\/\/www.bednarekacademy.pl\/de\/product\/lippenmodellierung-basic-komplikationen-und-hyaluronidase\/\"]}]},{\"@type\":\"BreadcrumbList\",\"@id\":\"https:\/\/www.bednarekacademy.pl\/de\/product\/lippenmodellierung-basic-komplikationen-und-hyaluronidase\/#breadcrumb\",\"itemListElement\":[{\"@type\":\"ListItem\",\"position\":1,\"name\":\"Strona g\u0142\u00f3wna\",\"item\":\"https:\/\/www.bednarekacademy.pl\/de\/homepage\/\"},{\"@type\":\"ListItem\",\"position\":2,\"name\":\"Shop\",\"item\":\"https:\/\/www.bednarekacademy.pl\/de\/shop\/\"},{\"@type\":\"ListItem\",\"position\":3,\"name\":\"Lippenmodellierung Basic + Komplikationen und Hyaluronidase\"}]},{\"@type\":\"WebSite\",\"@id\":\"https:\/\/www.bednarekacademy.pl\/#website\",\"url\":\"https:\/\/www.bednarekacademy.pl\/\",\"name\":\"Bednarek Academy\",\"description\":\"Szkolenia medycyny estetycznej Szczecin\",\"publisher\":{\"@id\":\"https:\/\/www.bednarekacademy.pl\/#organization\"},\"potentialAction\":[{\"@type\":\"SearchAction\",\"target\":{\"@type\":\"EntryPoint\",\"urlTemplate\":\"https:\/\/www.bednarekacademy.pl\/?s={search_term_string}\"},\"query-input\":\"required name=search_term_string\"}],\"inLanguage\":\"de\"},{\"@type\":\"Organization\",\"@id\":\"https:\/\/www.bednarekacademy.pl\/#organization\",\"name\":\"modovo.eu\",\"url\":\"https:\/\/www.bednarekacademy.pl\/\",\"logo\":{\"@type\":\"ImageObject\",\"inLanguage\":\"de\",\"@id\":\"https:\/\/www.bednarekacademy.pl\/#\/schema\/logo\/image\/\",\"url\":\"\",\"contentUrl\":\"\",\"caption\":\"modovo.eu\"},\"image\":{\"@id\":\"https:\/\/www.bednarekacademy.pl\/#\/schema\/logo\/image\/\"},\"sameAs\":[\"https:\/\/www.facebook.com\/nikolamaluje\"]}]}<\/script>\n<!-- \/ Yoast SEO plugin. -->","yoast_head_json":{"title":"Lippenmodellierung Basic + Komplikationen und Hyaluronidase - Bednarek Academy","robots":{"index":"index","follow":"follow","max-snippet":"max-snippet:-1","max-image-preview":"max-image-preview:large","max-video-preview":"max-video-preview:-1"},"canonical":"https:\/\/www.bednarekacademy.pl\/de\/product\/lippenmodellierung-basic-komplikationen-und-hyaluronidase\/","og_locale":"de_DE","og_type":"article","og_title":"Lippenmodellierung Basic + Komplikationen und Hyaluronidase - Bednarek Academy","og_description":"Trainingspreise und die M\u00f6glichkeit zum Kauf sind nach dem Einloggen in das Konto sichtbar . Individuelle Trainingstermine werden direkt mit dem Trainee nach dem Kauf unter der Telefonnummer +48 530 430 395 oder per E-Mail annabednarekmed@gmail.com vereinbart . Dauer des Trainings: 6-8 Stunden","og_url":"https:\/\/www.bednarekacademy.pl\/de\/product\/lippenmodellierung-basic-komplikationen-und-hyaluronidase\/","og_site_name":"Bednarek Academy","article_publisher":"https:\/\/www.facebook.com\/nikolamaluje","article_modified_time":"2025-09-01T13:53:46+00:00","og_image":[{"width":1500,"height":1000,"url":"https:\/\/www.bednarekacademy.pl\/wp-content\/uploads\/2025\/07\/usta1.webp","type":"image\/webp"}],"twitter_card":"summary_large_image","twitter_misc":{"Gesch\u00e4tzte Lesezeit":"1\u00a0Minute"},"schema":{"@context":"https:\/\/schema.org","@graph":[{"@type":"WebPage","@id":"https:\/\/www.bednarekacademy.pl\/de\/product\/lippenmodellierung-basic-komplikationen-und-hyaluronidase\/","url":"https:\/\/www.bednarekacademy.pl\/de\/product\/lippenmodellierung-basic-komplikationen-und-hyaluronidase\/","name":"Lippenmodellierung Basic + Komplikationen und Hyaluronidase - Bednarek Academy","isPartOf":{"@id":"https:\/\/www.bednarekacademy.pl\/#website"},"datePublished":"2025-07-22T14:29:20+00:00","dateModified":"2025-09-01T13:53:46+00:00","breadcrumb":{"@id":"https:\/\/www.bednarekacademy.pl\/de\/product\/lippenmodellierung-basic-komplikationen-und-hyaluronidase\/#breadcrumb"},"inLanguage":"de","potentialAction":[{"@type":"ReadAction","target":["https:\/\/www.bednarekacademy.pl\/de\/product\/lippenmodellierung-basic-komplikationen-und-hyaluronidase\/"]}]},{"@type":"BreadcrumbList","@id":"https:\/\/www.bednarekacademy.pl\/de\/product\/lippenmodellierung-basic-komplikationen-und-hyaluronidase\/#breadcrumb","itemListElement":[{"@type":"ListItem","position":1,"name":"Strona g\u0142\u00f3wna","item":"https:\/\/www.bednarekacademy.pl\/de\/homepage\/"},{"@type":"ListItem","position":2,"name":"Shop","item":"https:\/\/www.bednarekacademy.pl\/de\/shop\/"},{"@type":"ListItem","position":3,"name":"Lippenmodellierung Basic + Komplikationen und Hyaluronidase"}]},{"@type":"WebSite","@id":"https:\/\/www.bednarekacademy.pl\/#website","url":"https:\/\/www.bednarekacademy.pl\/","name":"Bednarek Academy","description":"Szkolenia medycyny estetycznej Szczecin","publisher":{"@id":"https:\/\/www.bednarekacademy.pl\/#organization"},"potentialAction":[{"@type":"SearchAction","target":{"@type":"EntryPoint","urlTemplate":"https:\/\/www.bednarekacademy.pl\/?s={search_term_string}"},"query-input":"required name=search_term_string"}],"inLanguage":"de"},{"@type":"Organization","@id":"https:\/\/www.bednarekacademy.pl\/#organization","name":"modovo.eu","url":"https:\/\/www.bednarekacademy.pl\/","logo":{"@type":"ImageObject","inLanguage":"de","@id":"https:\/\/www.bednarekacademy.pl\/#\/schema\/logo\/image\/","url":"","contentUrl":"","caption":"modovo.eu"},"image":{"@id":"https:\/\/www.bednarekacademy.pl\/#\/schema\/logo\/image\/"},"sameAs":["https:\/\/www.facebook.com\/nikolamaluje"]}]}},"_links":{"self":[{"href":"https:\/\/www.bednarekacademy.pl\/de\/wp-json\/wp\/v2\/product\/8334","targetHints":{"allow":["GET"]}}],"collection":[{"href":"https:\/\/www.bednarekacademy.pl\/de\/wp-json\/wp\/v2\/product"}],"about":[{"href":"https:\/\/www.bednarekacademy.pl\/de\/wp-json\/wp\/v2\/types\/product"}],"wp:featuredmedia":[{"embeddable":true,"href":"https:\/\/www.bednarekacademy.pl\/de\/wp-json\/wp\/v2\/media\/8250"}],"wp:attachment":[{"href":"https:\/\/www.bednarekacademy.pl\/de\/wp-json\/wp\/v2\/media?parent=8334"}],"wp:term":[{"taxonomy":"product_brand","embeddable":true,"href":"https:\/\/www.bednarekacademy.pl\/de\/wp-json\/wp\/v2\/product_brand?post=8334"},{"taxonomy":"product_cat","embeddable":true,"href":"https:\/\/www.bednarekacademy.pl\/de\/wp-json\/wp\/v2\/product_cat?post=8334"},{"taxonomy":"product_tag","embeddable":true,"href":"https:\/\/www.bednarekacademy.pl\/de\/wp-json\/wp\/v2\/product_tag?post=8334"}],"curies":[{"name":"wp","href":"https:\/\/api.w.org\/{rel}","templated":true}]}}