{"id":8320,"date":"2025-07-22T14:38:13","date_gmt":"2025-07-22T14:38:13","guid":{"rendered":"https:\/\/www.bednarekacademy.pl\/product\/botulinumtoxin-full-face-neck\/"},"modified":"2025-08-18T11:01:20","modified_gmt":"2025-08-18T11:01:20","slug":"botulinumtoxin-full-face-neck","status":"publish","type":"product","link":"https:\/\/www.bednarekacademy.pl\/de\/product\/botulinumtoxin-full-face-neck\/","title":{"rendered":"Botulinumtoxin Full Face &amp; Neck"},"content":{"rendered":"<p>Schulung f\u00fcr \u00c4rzte auf jedem Niveau. F\u00fcr \u00c4rzte, die keine Erfahrung mit Botulinumtoxin haben, sowie f\u00fcr fortgeschrittene Behandler, die ihr Wissen systematisieren und die neuesten Behandlungstechniken kennenlernen m\u00f6chten. Die Schulung umfasst alle Behandlungsbereiche, die in einer Praxis f\u00fcr \u00e4sthetische Medizin durchgef\u00fchrt werden, wodurch der Arzt den Patienten umfassend betreuen kann.<\/p>\n<p>Schulungsmodus: Gruppenkurs (2-3 \u00c4rzte) \/ Einzelkurs<\/p>\n<p>Anzahl der Patienten pro Arzt:<br \/>\n\u2013 5-8 Patientinnen w\u00e4hrend des Gruppenkurses pro Arzt<br \/>\n\u2013 13-15 Patientinnen w\u00e4hrend des Einzelkurses<\/p>\n<p>Rahmenprogramm der Schulung:<br \/>\n1. Einf\u00fchrung<br \/>\n\u2013 Alterungsprozess<br \/>\n\u2013 Anatomie der Muskeln und ihrer Ans\u00e4tze<br \/>\n\u2013 Funktion der einzelnen Muskeln<br \/>\n\u2013 muskul\u00e4re Kompensation<br \/>\n2. Botulinumtoxin von Grund auf,<br \/>\n\u2013 Wirkmechanismus<br \/>\n\u2013 auf dem polnischen Markt erh\u00e4ltliche Pr\u00e4parate<br \/>\n\u2013 verschiedene Verd\u00fcnnungen der Pr\u00e4parate<br \/>\n3. Arbeit mit Botulinumtoxin<br \/>\n\u2013 Indikationen f\u00fcr die Behandlung<br \/>\n\u2013 Kontraindikationen<br \/>\n\u2013 Sonderf\u00e4lle \u2013 auf welche Patienten sollte man besonders achten?<br \/>\n\u2013 Komplikationen und Nebenwirkungen, spezifisch f\u00fcr den jeweiligen Bereich \u2013 wie man sie vermeidet und wie man mit ihnen umgeht?<br \/>\n4. Praxis \u2013 besprochene Behandlungsbereiche und Indikationen:<br \/>\n\u2013 Stirnfalten<br \/>\n\u2013 Zornesfalte<br \/>\n\u2013 Kr\u00e4henf\u00fc\u00dfe<br \/>\n\u2013 Bunny Lines<br \/>\n\u2013 Brow Lift<br \/>\n\u2013 Gummy Smile<br \/>\n\u2013 Lip Flip<br \/>\n\u2013 Raucherf\u00e4ltchen<br \/>\n\u2013 herabh\u00e4ngende Mundwinkel<br \/>\n\u2013 Pflasterstein-Kinn<br \/>\n\u2013 Bruxismus<br \/>\n\u2013 Nefertiti-Lift (Gesichts- und Halslifting)<br \/>\n\u2013 Hyperhidrose der Achseln, F\u00fc\u00dfe, H\u00e4nde<br \/>\n\u2013 Nasenmodellierung mit Botulinumtoxin<br \/>\n\u2013 Behandlungstricks<br \/>\n\u2013 Arbeit mit verschiedenen Verd\u00fcnnungen und individuellen Dosen<br \/>\n\u2013 Behandlungskorrekturen \u2013 wie durchf\u00fchren?<\/p>\n<p>Schulungsergebnisse: Nach der Schulung erwerben die \u00c4rzte umfassende F\u00e4higkeiten im Umgang mit Botulinumtoxin. Die Schulung deckt das Thema der Anwendungen von Botulinumtoxin in der \u00e4sthetischen Medizin vollst\u00e4ndig ab. Der Arzt kann sicher arbeiten, um die besten Ergebnisse zu erzielen und das Risiko von Komplikationen zu vermeiden.<\/p>\n","protected":false},"excerpt":{"rendered":"<p><strong>Die Preise der Fortbildungskurse und die M\u00f6glichkeit des Kaufs sind nach dem Einloggen in Ihr Konto sichtbar<\/strong><\/p>\n<p>Termine f\u00fcr Einzelschulungen werden direkt mit dem Kursteilnehmer nach dem Kauf unter der Telefonnummer <strong>+48 530 430 395<\/strong> oder per E-Mail <strong>annabednarekmed@gmail.com.<\/strong> vereinbart.<\/p>\n<p class=\"Tre\"><strong>Dauer der Schulung:<\/strong> 6-8 Stunden<\/p>\n","protected":false},"featured_media":8238,"template":"","meta":[],"product_brand":[],"product_cat":[290],"product_tag":[],"class_list":{"0":"post-8320","1":"product","2":"type-product","3":"status-publish","4":"has-post-thumbnail","6":"product_cat-schulungen","8":"first","9":"instock","10":"taxable","11":"shipping-taxable","12":"purchasable","13":"product-type-variable","14":"has-default-attributes"},"yoast_head":"<!-- This site is optimized with the Yoast SEO plugin v19.9 - https:\/\/yoast.com\/wordpress\/plugins\/seo\/ -->\n<title>Botulinumtoxin Full Face &amp; Neck - Bednarek Academy<\/title>\n<meta name=\"robots\" content=\"index, follow, max-snippet:-1, max-image-preview:large, max-video-preview:-1\" \/>\n<link rel=\"canonical\" href=\"https:\/\/www.bednarekacademy.pl\/de\/product\/botulinumtoxin-full-face-neck\/\" \/>\n<meta property=\"og:locale\" content=\"de_DE\" \/>\n<meta property=\"og:type\" content=\"article\" \/>\n<meta property=\"og:title\" content=\"Botulinumtoxin Full Face &amp; Neck - Bednarek Academy\" \/>\n<meta property=\"og:description\" content=\"Die Preise der Fortbildungskurse und die M\u00f6glichkeit des Kaufs sind nach dem Einloggen in Ihr Konto sichtbar Termine f\u00fcr Einzelschulungen werden direkt mit dem Kursteilnehmer nach dem Kauf unter der Telefonnummer +48 530 430 395 oder per E-Mail annabednarekmed@gmail.com. vereinbart. Dauer der Schulung: 6-8 Stunden\" \/>\n<meta property=\"og:url\" content=\"https:\/\/www.bednarekacademy.pl\/de\/product\/botulinumtoxin-full-face-neck\/\" \/>\n<meta property=\"og:site_name\" content=\"Bednarek Academy\" \/>\n<meta property=\"article:publisher\" content=\"https:\/\/www.facebook.com\/nikolamaluje\" \/>\n<meta property=\"article:modified_time\" content=\"2025-08-18T11:01:20+00:00\" \/>\n<meta property=\"og:image\" content=\"https:\/\/www.bednarekacademy.pl\/wp-content\/uploads\/2025\/07\/botulinowa.webp\" \/>\n\t<meta property=\"og:image:width\" content=\"1500\" \/>\n\t<meta property=\"og:image:height\" content=\"1000\" \/>\n\t<meta property=\"og:image:type\" content=\"image\/webp\" \/>\n<meta name=\"twitter:card\" content=\"summary_large_image\" \/>\n<meta name=\"twitter:label1\" content=\"Gesch\u00e4tzte Lesezeit\" \/>\n\t<meta name=\"twitter:data1\" content=\"1\u00a0Minute\" \/>\n<script type=\"application\/ld+json\" class=\"yoast-schema-graph\">{\"@context\":\"https:\/\/schema.org\",\"@graph\":[{\"@type\":\"WebPage\",\"@id\":\"https:\/\/www.bednarekacademy.pl\/de\/product\/botulinumtoxin-full-face-neck\/\",\"url\":\"https:\/\/www.bednarekacademy.pl\/de\/product\/botulinumtoxin-full-face-neck\/\",\"name\":\"Botulinumtoxin Full Face &amp; Neck - Bednarek Academy\",\"isPartOf\":{\"@id\":\"https:\/\/www.bednarekacademy.pl\/#website\"},\"datePublished\":\"2025-07-22T14:38:13+00:00\",\"dateModified\":\"2025-08-18T11:01:20+00:00\",\"breadcrumb\":{\"@id\":\"https:\/\/www.bednarekacademy.pl\/de\/product\/botulinumtoxin-full-face-neck\/#breadcrumb\"},\"inLanguage\":\"de\",\"potentialAction\":[{\"@type\":\"ReadAction\",\"target\":[\"https:\/\/www.bednarekacademy.pl\/de\/product\/botulinumtoxin-full-face-neck\/\"]}]},{\"@type\":\"BreadcrumbList\",\"@id\":\"https:\/\/www.bednarekacademy.pl\/de\/product\/botulinumtoxin-full-face-neck\/#breadcrumb\",\"itemListElement\":[{\"@type\":\"ListItem\",\"position\":1,\"name\":\"Strona g\u0142\u00f3wna\",\"item\":\"https:\/\/www.bednarekacademy.pl\/de\/homepage\/\"},{\"@type\":\"ListItem\",\"position\":2,\"name\":\"Shop\",\"item\":\"https:\/\/www.bednarekacademy.pl\/de\/shop\/\"},{\"@type\":\"ListItem\",\"position\":3,\"name\":\"Botulinumtoxin Full Face &amp; Neck\"}]},{\"@type\":\"WebSite\",\"@id\":\"https:\/\/www.bednarekacademy.pl\/#website\",\"url\":\"https:\/\/www.bednarekacademy.pl\/\",\"name\":\"Bednarek Academy\",\"description\":\"Szkolenia medycyny estetycznej Szczecin\",\"publisher\":{\"@id\":\"https:\/\/www.bednarekacademy.pl\/#organization\"},\"potentialAction\":[{\"@type\":\"SearchAction\",\"target\":{\"@type\":\"EntryPoint\",\"urlTemplate\":\"https:\/\/www.bednarekacademy.pl\/?s={search_term_string}\"},\"query-input\":\"required name=search_term_string\"}],\"inLanguage\":\"de\"},{\"@type\":\"Organization\",\"@id\":\"https:\/\/www.bednarekacademy.pl\/#organization\",\"name\":\"modovo.eu\",\"url\":\"https:\/\/www.bednarekacademy.pl\/\",\"logo\":{\"@type\":\"ImageObject\",\"inLanguage\":\"de\",\"@id\":\"https:\/\/www.bednarekacademy.pl\/#\/schema\/logo\/image\/\",\"url\":\"\",\"contentUrl\":\"\",\"caption\":\"modovo.eu\"},\"image\":{\"@id\":\"https:\/\/www.bednarekacademy.pl\/#\/schema\/logo\/image\/\"},\"sameAs\":[\"https:\/\/www.facebook.com\/nikolamaluje\"]}]}<\/script>\n<!-- \/ Yoast SEO plugin. -->","yoast_head_json":{"title":"Botulinumtoxin Full Face &amp; Neck - Bednarek Academy","robots":{"index":"index","follow":"follow","max-snippet":"max-snippet:-1","max-image-preview":"max-image-preview:large","max-video-preview":"max-video-preview:-1"},"canonical":"https:\/\/www.bednarekacademy.pl\/de\/product\/botulinumtoxin-full-face-neck\/","og_locale":"de_DE","og_type":"article","og_title":"Botulinumtoxin Full Face &amp; Neck - Bednarek Academy","og_description":"Die Preise der Fortbildungskurse und die M\u00f6glichkeit des Kaufs sind nach dem Einloggen in Ihr Konto sichtbar Termine f\u00fcr Einzelschulungen werden direkt mit dem Kursteilnehmer nach dem Kauf unter der Telefonnummer +48 530 430 395 oder per E-Mail annabednarekmed@gmail.com. vereinbart. Dauer der Schulung: 6-8 Stunden","og_url":"https:\/\/www.bednarekacademy.pl\/de\/product\/botulinumtoxin-full-face-neck\/","og_site_name":"Bednarek Academy","article_publisher":"https:\/\/www.facebook.com\/nikolamaluje","article_modified_time":"2025-08-18T11:01:20+00:00","og_image":[{"width":1500,"height":1000,"url":"https:\/\/www.bednarekacademy.pl\/wp-content\/uploads\/2025\/07\/botulinowa.webp","type":"image\/webp"}],"twitter_card":"summary_large_image","twitter_misc":{"Gesch\u00e4tzte Lesezeit":"1\u00a0Minute"},"schema":{"@context":"https:\/\/schema.org","@graph":[{"@type":"WebPage","@id":"https:\/\/www.bednarekacademy.pl\/de\/product\/botulinumtoxin-full-face-neck\/","url":"https:\/\/www.bednarekacademy.pl\/de\/product\/botulinumtoxin-full-face-neck\/","name":"Botulinumtoxin Full Face &amp; Neck - Bednarek Academy","isPartOf":{"@id":"https:\/\/www.bednarekacademy.pl\/#website"},"datePublished":"2025-07-22T14:38:13+00:00","dateModified":"2025-08-18T11:01:20+00:00","breadcrumb":{"@id":"https:\/\/www.bednarekacademy.pl\/de\/product\/botulinumtoxin-full-face-neck\/#breadcrumb"},"inLanguage":"de","potentialAction":[{"@type":"ReadAction","target":["https:\/\/www.bednarekacademy.pl\/de\/product\/botulinumtoxin-full-face-neck\/"]}]},{"@type":"BreadcrumbList","@id":"https:\/\/www.bednarekacademy.pl\/de\/product\/botulinumtoxin-full-face-neck\/#breadcrumb","itemListElement":[{"@type":"ListItem","position":1,"name":"Strona g\u0142\u00f3wna","item":"https:\/\/www.bednarekacademy.pl\/de\/homepage\/"},{"@type":"ListItem","position":2,"name":"Shop","item":"https:\/\/www.bednarekacademy.pl\/de\/shop\/"},{"@type":"ListItem","position":3,"name":"Botulinumtoxin Full Face &amp; Neck"}]},{"@type":"WebSite","@id":"https:\/\/www.bednarekacademy.pl\/#website","url":"https:\/\/www.bednarekacademy.pl\/","name":"Bednarek Academy","description":"Szkolenia medycyny estetycznej Szczecin","publisher":{"@id":"https:\/\/www.bednarekacademy.pl\/#organization"},"potentialAction":[{"@type":"SearchAction","target":{"@type":"EntryPoint","urlTemplate":"https:\/\/www.bednarekacademy.pl\/?s={search_term_string}"},"query-input":"required name=search_term_string"}],"inLanguage":"de"},{"@type":"Organization","@id":"https:\/\/www.bednarekacademy.pl\/#organization","name":"modovo.eu","url":"https:\/\/www.bednarekacademy.pl\/","logo":{"@type":"ImageObject","inLanguage":"de","@id":"https:\/\/www.bednarekacademy.pl\/#\/schema\/logo\/image\/","url":"","contentUrl":"","caption":"modovo.eu"},"image":{"@id":"https:\/\/www.bednarekacademy.pl\/#\/schema\/logo\/image\/"},"sameAs":["https:\/\/www.facebook.com\/nikolamaluje"]}]}},"_links":{"self":[{"href":"https:\/\/www.bednarekacademy.pl\/de\/wp-json\/wp\/v2\/product\/8320","targetHints":{"allow":["GET"]}}],"collection":[{"href":"https:\/\/www.bednarekacademy.pl\/de\/wp-json\/wp\/v2\/product"}],"about":[{"href":"https:\/\/www.bednarekacademy.pl\/de\/wp-json\/wp\/v2\/types\/product"}],"wp:featuredmedia":[{"embeddable":true,"href":"https:\/\/www.bednarekacademy.pl\/de\/wp-json\/wp\/v2\/media\/8238"}],"wp:attachment":[{"href":"https:\/\/www.bednarekacademy.pl\/de\/wp-json\/wp\/v2\/media?parent=8320"}],"wp:term":[{"taxonomy":"product_brand","embeddable":true,"href":"https:\/\/www.bednarekacademy.pl\/de\/wp-json\/wp\/v2\/product_brand?post=8320"},{"taxonomy":"product_cat","embeddable":true,"href":"https:\/\/www.bednarekacademy.pl\/de\/wp-json\/wp\/v2\/product_cat?post=8320"},{"taxonomy":"product_tag","embeddable":true,"href":"https:\/\/www.bednarekacademy.pl\/de\/wp-json\/wp\/v2\/product_tag?post=8320"}],"curies":[{"name":"wp","href":"https:\/\/api.w.org\/{rel}","templated":true}]}}